{"id":7,"date":"2018-04-28T10:15:57","date_gmt":"2018-04-28T08:15:57","guid":{"rendered":"http:\/\/mjk.dkonto.pl\/?page_id=7"},"modified":"2018-04-28T10:15:57","modified_gmt":"2018-04-28T08:15:57","slug":"strona-testowa-o-tym-blogu","status":"publish","type":"page","link":"https:\/\/mjk.dkonto.pl\/?page_id=7","title":{"rendered":"Strona testowa o tym blogu"},"content":{"rendered":"<p>To jest blog testowy, maj\u0105cy na celu przetestowanie testowanego bloga.<br \/>\nDocelowy blog b\u0119dzie gdzie indziej.<\/p>\n<p>P.S.<br \/>\nJakim cudem tu\u015b trafi\u0142(a)?<\/p>\n","protected":false},"excerpt":{"rendered":"<p>To jest blog testowy, maj\u0105cy na celu przetestowanie testowanego bloga. Docelowy blog b\u0119dzie gdzie indziej. P.S. Jakim cudem tu\u015b trafi\u0142(a)?<\/p>\n","protected":false},"author":1,"featured_media":0,"parent":0,"menu_order":0,"comment_status":"closed","ping_status":"closed","template":"","meta":[],"_links":{"self":[{"href":"https:\/\/mjk.dkonto.pl\/index.php?rest_route=\/wp\/v2\/pages\/7"}],"collection":[{"href":"https:\/\/mjk.dkonto.pl\/index.php?rest_route=\/wp\/v2\/pages"}],"about":[{"href":"https:\/\/mjk.dkonto.pl\/index.php?rest_route=\/wp\/v2\/types\/page"}],"author":[{"embeddable":true,"href":"https:\/\/mjk.dkonto.pl\/index.php?rest_route=\/wp\/v2\/users\/1"}],"replies":[{"embeddable":true,"href":"https:\/\/mjk.dkonto.pl\/index.php?rest_route=%2Fwp%2Fv2%2Fcomments&post=7"}],"version-history":[{"count":1,"href":"https:\/\/mjk.dkonto.pl\/index.php?rest_route=\/wp\/v2\/pages\/7\/revisions"}],"predecessor-version":[{"id":8,"href":"https:\/\/mjk.dkonto.pl\/index.php?rest_route=\/wp\/v2\/pages\/7\/revisions\/8"}],"wp:attachment":[{"href":"https:\/\/mjk.dkonto.pl\/index.php?rest_route=%2Fwp%2Fv2%2Fmedia&parent=7"}],"curies":[{"name":"wp","href":"https:\/\/api.w.org\/{rel}","templated":true}]}}